{"id":821,"date":"2015-12-04T09:47:59","date_gmt":"2015-12-04T09:47:59","guid":{"rendered":"http:\/\/themes.webdevia.com\/solar-wp\/?page_id=821"},"modified":"2020-01-16T17:08:48","modified_gmt":"2020-01-16T15:08:48","slug":"home-two","status":"publish","type":"page","link":"https:\/\/www.wisdom.si\/","title":{"rendered":"Home Two"},"content":{"rendered":"<div class=\"wpb-content-wrapper\"><p>[vc_row full_width=&#8221;stretch_row_content&#8221;][vc_column][rev_slider_vc alias=&#8221;slider-1&#8243;][vc_row_inner css=&#8221;.vc_custom_1568055497693{background-color: #020202 !important;}&#8221;][vc_column_inner][vc_column_text css_animation=&#8221;fadeIn&#8221;]<\/p>\n<p style=\"text-align: center;\"><span class=\"color_12\" style=\"font-size: 14pt;\">Z ve\u010d kot 60 letno dru\u017einsko tradicijo polaganja \u0161portnih podov in vsem pridobljenim znanjem, zagotavljamo kvalitetno storitev na doma\u010dem in tujem trgu.<br \/>\n<\/span><\/p>\n<p style=\"text-align: center;\"><span style=\"font-size: 14pt;\">Smo pravi &#8220;mojstri&#8221; v polaganju \u0161portnih podov.<\/span><\/p>\n<p>[\/vc_column_text][\/vc_column_inner][\/vc_row_inner][\/vc_column][\/vc_row][vc_row full_width=&#8221;stretch_row&#8221; css=&#8221;.vc_custom_1567541095281{background-color: #020202 !important;}&#8221; el_class=&#8221;text-center&#8221;][vc_column][vc_row_inner el_class=&#8221;title-service&#8221;][vc_column_inner css=&#8221;.vc_custom_1485350712151{padding-right: 10px !important;padding-left: 10px !important;}&#8221;]\r\n\r\n<div class=\"\" >\r\n  <div class=\"large-12 columns  wd-title-section_l\" >\r\n      <h2>NA\u0160E DEJAVNOSTI<\/h2>\r\n        <h5>Podjetje WISDOM d.o.o. se ukvarja z dobavo in vgradnjo \u0161portnih podov, parketov, \u010distil za \u0161portne pode in gradbenih materialov.<\/h5>\r\n    \r\n  <\/div>\r\n<\/div>\r\n\r\n  \r\n[\/vc_column_inner][\/vc_row_inner]\r\n    <div class=\"wd-section-project\">\r\n                    <ul class='style-3 small-block-grid-1 medium-block-grid-2 large-block-grid-3'>\r\n                                    <li>\r\n\r\n                        <a href=\"https:\/\/www.wisdom.si\/index.php\/portfolio\/pvc-sportni-podi\/\"><div class=\"image-wrapper overlay-slide-in-left\">\r\n\r\n                            <img loading=\"lazy\" decoding=\"async\" width=\"760\" height=\"500\" src=\"https:\/\/www.wisdom.si\/wp-content\/uploads\/2015\/12\/PVC-sportni-podi-Gerflor-Taraflex-760x500.jpg\" class=\"attachment-flooring_portfolio_760x500 size-flooring_portfolio_760x500 wp-post-image\" alt=\"PVC \u0161portni podi Gerflor Taraflex\" \/>\r\n                            <div class=\"image-overlay-content\">\r\n                                <h2>PVC \u0160PORTNI PODI<\/h2>\r\n\r\n                            <\/div>\r\n\r\n                        <\/div><\/a>\r\n\r\n                    <\/li>\r\n\r\n                                    <li>\r\n\r\n                        <a href=\"https:\/\/www.wisdom.si\/index.php\/portfolio\/leseni-sportni-podi\/\"><div class=\"image-wrapper overlay-slide-in-left\">\r\n\r\n                            <img loading=\"lazy\" decoding=\"async\" width=\"760\" height=\"500\" src=\"https:\/\/www.wisdom.si\/wp-content\/uploads\/2019\/09\/Connor-leseni-sportni-podi-760x500.jpg\" class=\"attachment-flooring_portfolio_760x500 size-flooring_portfolio_760x500 wp-post-image\" alt=\"Leseni \u0161portni podi Connor Sports\" \/>\r\n                            <div class=\"image-overlay-content\">\r\n                                <h2>LESENI \u0160PORTNI PODI<\/h2>\r\n\r\n                            <\/div>\r\n\r\n                        <\/div><\/a>\r\n\r\n                    <\/li>\r\n\r\n                                    <li>\r\n\r\n                        <a href=\"https:\/\/www.wisdom.si\/index.php\/portfolio\/modularni-sportni-podi\/\"><div class=\"image-wrapper overlay-slide-in-left\">\r\n\r\n                            <img loading=\"lazy\" decoding=\"async\" width=\"760\" height=\"500\" src=\"https:\/\/www.wisdom.si\/wp-content\/uploads\/2015\/12\/Gerflor-Sport-Court-Powergame-modularni-sportni-podi-760x500.jpg\" class=\"attachment-flooring_portfolio_760x500 size-flooring_portfolio_760x500 wp-post-image\" alt=\"Modularni \u0161portni pod Sport Court Powergame\" \/>\r\n                            <div class=\"image-overlay-content\">\r\n                                <h2>MODULARNI \u0160PORTNI PODI<\/h2>\r\n\r\n                            <\/div>\r\n\r\n                        <\/div><\/a>\r\n\r\n                    <\/li>\r\n\r\n                                    <li>\r\n\r\n                        <a href=\"https:\/\/www.wisdom.si\/index.php\/portfolio\/kombinirani-sportni-podi\/\"><div class=\"image-wrapper overlay-slide-in-left\">\r\n\r\n                            <img loading=\"lazy\" decoding=\"async\" width=\"760\" height=\"500\" src=\"https:\/\/www.wisdom.si\/wp-content\/uploads\/2015\/12\/Herculan-kombinirani-sportni-podi-760x500.jpg\" class=\"attachment-flooring_portfolio_760x500 size-flooring_portfolio_760x500 wp-post-image\" alt=\"\" \/>\r\n                            <div class=\"image-overlay-content\">\r\n                                <h2>KOMBINIRANI \u0160PORTNI PODI<\/h2>\r\n\r\n                            <\/div>\r\n\r\n                        <\/div><\/a>\r\n\r\n                    <\/li>\r\n\r\n                                    <li>\r\n\r\n                        <a href=\"https:\/\/www.wisdom.si\/index.php\/portfolio\/sinteticni-sportni-podi\/\"><div class=\"image-wrapper overlay-slide-in-left\">\r\n\r\n                            <img loading=\"lazy\" decoding=\"async\" width=\"760\" height=\"500\" src=\"https:\/\/www.wisdom.si\/wp-content\/uploads\/2015\/12\/sinteticni-sportni-podi--760x500.jpg\" class=\"attachment-flooring_portfolio_760x500 size-flooring_portfolio_760x500 wp-post-image\" alt=\"\" \/>\r\n                            <div class=\"image-overlay-content\">\r\n                                <h2>SINTETI\u010cNI \u0160PORTNI PODI<\/h2>\r\n\r\n                            <\/div>\r\n\r\n                        <\/div><\/a>\r\n\r\n                    <\/li>\r\n\r\n                                    <li>\r\n\r\n                        <a href=\"https:\/\/www.wisdom.si\/index.php\/portfolio\/akrilni-sportni-podi\/\"><div class=\"image-wrapper overlay-slide-in-left\">\r\n\r\n                            <img loading=\"lazy\" decoding=\"async\" width=\"760\" height=\"500\" src=\"https:\/\/www.wisdom.si\/wp-content\/uploads\/2015\/12\/Diasen-akrilni-sportni-podi-760x500.jpg\" class=\"attachment-flooring_portfolio_760x500 size-flooring_portfolio_760x500 wp-post-image\" alt=\"\" \/>\r\n                            <div class=\"image-overlay-content\">\r\n                                <h2>AKRILNI \u0160PORTNI PODI<\/h2>\r\n\r\n                            <\/div>\r\n\r\n                        <\/div><\/a>\r\n\r\n                    <\/li>\r\n\r\n                                    <li>\r\n\r\n                        <a href=\"https:\/\/www.wisdom.si\/index.php\/portfolio\/parket-mojstri\/\"><div class=\"image-wrapper overlay-slide-in-left\">\r\n\r\n                            <img loading=\"lazy\" decoding=\"async\" width=\"760\" height=\"500\" src=\"https:\/\/www.wisdom.si\/wp-content\/uploads\/2015\/11\/parket-mojstri-760x500.jpg\" class=\"attachment-flooring_portfolio_760x500 size-flooring_portfolio_760x500 wp-post-image\" alt=\"Parket mojstri\" \/>\r\n                            <div class=\"image-overlay-content\">\r\n                                <h2>PARKET MOJSTRI<\/h2>\r\n\r\n                            <\/div>\r\n\r\n                        <\/div><\/a>\r\n\r\n                    <\/li>\r\n\r\n                                    <li>\r\n\r\n                        <a href=\"https:\/\/www.wisdom.si\/index.php\/portfolio\/cistila-za-sportne-pode\/\"><div class=\"image-wrapper overlay-slide-in-left\">\r\n\r\n                            <img loading=\"lazy\" decoding=\"async\" width=\"760\" height=\"500\" src=\"https:\/\/www.wisdom.si\/wp-content\/uploads\/2015\/11\/Ciscenje-leseni-sportni-podi-760x500.jpg\" class=\"attachment-flooring_portfolio_760x500 size-flooring_portfolio_760x500 wp-post-image\" alt=\"\" \/>\r\n                            <div class=\"image-overlay-content\">\r\n                                <h2>\u010cISTILA ZA \u0160PORTNE PODE<\/h2>\r\n\r\n                            <\/div>\r\n\r\n                        <\/div><\/a>\r\n\r\n                    <\/li>\r\n\r\n                                    <li>\r\n\r\n                        <a href=\"https:\/\/www.wisdom.si\/index.php\/portfolio\/gradbeni-materiali-diasen\/\"><div class=\"image-wrapper overlay-slide-in-left\">\r\n\r\n                            <img loading=\"lazy\" decoding=\"async\" width=\"760\" height=\"500\" src=\"https:\/\/www.wisdom.si\/wp-content\/uploads\/2015\/11\/Diasen-gradben-material-760x500.jpg\" class=\"attachment-flooring_portfolio_760x500 size-flooring_portfolio_760x500 wp-post-image\" alt=\"\" \/>\r\n                            <div class=\"image-overlay-content\">\r\n                                <h2>GRADBENI MATERIALI<\/h2>\r\n\r\n                            <\/div>\r\n\r\n                        <\/div><\/a>\r\n\r\n                    <\/li>\r\n\r\n                            <\/ul>\r\n                        <\/div>\r\n\r\n\r\n    \r\n\r\n<div class=\"wd_empty_space\" data-heightmobile=\"30\" data-heighttablet=\"30\" data-heightdesktop=\"30\">\r\n\r\n<\/div>\r\n      \r\n\r\n\r\n\r\n        \r\n      \r\n    [\/vc_column][\/vc_row][vc_row][vc_column][rev_slider_vc alias=&#8221;timelapse-1-1&#8243;]\r\n\r\n<div class=\"wd_empty_space\" data-heightmobile=\"130px\" data-heighttablet=\"130px\" data-heightdesktop=\"130px\">\r\n\r\n<\/div>\r\n      \r\n\r\n\r\n\r\n        \r\n      \r\n    [\/vc_column][\/vc_row]<\/p>\n<\/div>","protected":false},"excerpt":{"rendered":"<p>[vc_row full_width=&#8221;stretch_row_content&#8221;][vc_column][rev_slider_vc alias=&#8221;slider-1&#8243;][vc_row_inner css=&#8221;.vc_custom_1568055497693{background-color: #020202 !important;}&#8221;][vc_column_inner][vc_column_text css_animation=&#8221;fadeIn&#8221;] Z ve\u010d kot 60 letno dru\u017einsko tradicijo polaganja \u0161portnih podov in vsem pridobljenim znanjem, zagotavljamo kvalitetno storitev na doma\u010dem in tujem trgu. Smo pravi &#8220;mojstri&#8221; v polaganju \u0161portnih podov. [\/vc_column_text][\/vc_column_inner][\/vc_row_inner][\/vc_column][\/vc_row][vc_row full_width=&#8221;stretch_row&#8221; css=&#8221;.vc_custom_1567541095281{background-color: #020202 !important;}&#8221; el_class=&#8221;text-center&#8221;][vc_column][vc_row_inner el_class=&#8221;title-service&#8221;][vc_column_inner css=&#8221;.vc_custom_1485350712151{padding-right: 10px !important;padding-left: 10px !important;}&#8221;][\/vc_column_inner][\/vc_row_inner][\/vc_column][\/vc_row][vc_row][vc_column][rev_slider_vc alias=&#8221;timelapse-1-1&#8243;][\/vc_column][\/vc_row]<\/p>\n","protected":false},"author":1,"featured_media":0,"parent":0,"menu_order":0,"comment_status":"closed","ping_status":"closed","template":"","meta":{"footnotes":""},"class_list":["post-821","page","type-page","status-publish","hentry"],"aioseo_notices":[],"_links":{"self":[{"href":"https:\/\/www.wisdom.si\/index.php\/wp-json\/wp\/v2\/pages\/821","targetHints":{"allow":["GET"]}}],"collection":[{"href":"https:\/\/www.wisdom.si\/index.php\/wp-json\/wp\/v2\/pages"}],"about":[{"href":"https:\/\/www.wisdom.si\/index.php\/wp-json\/wp\/v2\/types\/page"}],"author":[{"embeddable":true,"href":"https:\/\/www.wisdom.si\/index.php\/wp-json\/wp\/v2\/users\/1"}],"replies":[{"embeddable":true,"href":"https:\/\/www.wisdom.si\/index.php\/wp-json\/wp\/v2\/comments?post=821"}],"version-history":[{"count":79,"href":"https:\/\/www.wisdom.si\/index.php\/wp-json\/wp\/v2\/pages\/821\/revisions"}],"predecessor-version":[{"id":2666,"href":"https:\/\/www.wisdom.si\/index.php\/wp-json\/wp\/v2\/pages\/821\/revisions\/2666"}],"wp:attachment":[{"href":"https:\/\/www.wisdom.si\/index.php\/wp-json\/wp\/v2\/media?parent=821"}],"curies":[{"name":"wp","href":"https:\/\/api.w.org\/{rel}","templated":true}]}}